{"id":157,"date":"2019-08-28T16:18:05","date_gmt":"2019-08-28T14:18:05","guid":{"rendered":"https:\/\/diamat.com\/?page_id=157"},"modified":"2022-10-07T10:49:43","modified_gmt":"2022-10-07T08:49:43","slug":"impressum","status":"publish","type":"page","link":"https:\/\/diamat.com\/de\/impressum\/","title":{"rendered":"Impressum"},"content":{"rendered":"","protected":false},"excerpt":{"rendered":"","protected":false},"author":1,"featured_media":0,"parent":0,"menu_order":0,"comment_status":"closed","ping_status":"closed","template":"","meta":{"_acf_changed":false,"footnotes":""},"class_list":["post-157","page","type-page","status-publish","hentry"],"acf":[],"yoast_head":"<!-- This site is optimized with the Yoast SEO plugin v27.4 - https:\/\/yoast.com\/product\/yoast-seo-wordpress\/ -->\n<title>Impressum | Diamat Maschinenbau GmbH Dinkelsb\u00fchl<\/title>\n<meta name=\"description\" content=\"Hier finden sie das vollst\u00e4ndige Impressum und alle notwendigen Informationen rund um die Diamat Maschinenbau GmbH in Dinkelsb\u00fchl.\" \/>\n<meta name=\"robots\" content=\"index, follow, max-snippet:-1, max-image-preview:large, max-video-preview:-1\" \/>\n<link rel=\"canonical\" href=\"https:\/\/diamat.com\/de\/impressum\/\" \/>\n<meta property=\"og:locale\" content=\"de_DE\" \/>\n<meta property=\"og:type\" content=\"article\" \/>\n<meta property=\"og:title\" content=\"Impressum | Diamat Maschinenbau GmbH Dinkelsb\u00fchl\" \/>\n<meta property=\"og:description\" content=\"Hier finden sie das vollst\u00e4ndige Impressum und alle notwendigen Informationen rund um die Diamat Maschinenbau GmbH in Dinkelsb\u00fchl.\" \/>\n<meta property=\"og:url\" content=\"https:\/\/diamat.com\/de\/impressum\/\" \/>\n<meta property=\"og:site_name\" content=\"Diamat Maschinenbau GmbH\" \/>\n<meta property=\"article:publisher\" content=\"https:\/\/m.facebook.com\/profile.php?id=107655822662131\" \/>\n<meta property=\"article:modified_time\" content=\"2022-10-07T08:49:43+00:00\" \/>\n<meta name=\"twitter:card\" content=\"summary_large_image\" \/>\n<script type=\"application\/ld+json\" class=\"yoast-schema-graph\">{\"@context\":\"https:\\\/\\\/schema.org\",\"@graph\":[{\"@type\":\"WebPage\",\"@id\":\"https:\\\/\\\/diamat.com\\\/de\\\/impressum\\\/\",\"url\":\"https:\\\/\\\/diamat.com\\\/de\\\/impressum\\\/\",\"name\":\"Impressum | Diamat Maschinenbau GmbH Dinkelsb\u00fchl\",\"isPartOf\":{\"@id\":\"https:\\\/\\\/diamat.com\\\/de\\\/#website\"},\"datePublished\":\"2019-08-28T14:18:05+00:00\",\"dateModified\":\"2022-10-07T08:49:43+00:00\",\"description\":\"Hier finden sie das vollst\u00e4ndige Impressum und alle notwendigen Informationen rund um die Diamat Maschinenbau GmbH in Dinkelsb\u00fchl.\",\"breadcrumb\":{\"@id\":\"https:\\\/\\\/diamat.com\\\/de\\\/impressum\\\/#breadcrumb\"},\"inLanguage\":\"de\",\"potentialAction\":[{\"@type\":\"ReadAction\",\"target\":[\"https:\\\/\\\/diamat.com\\\/de\\\/impressum\\\/\"]}]},{\"@type\":\"BreadcrumbList\",\"@id\":\"https:\\\/\\\/diamat.com\\\/de\\\/impressum\\\/#breadcrumb\",\"itemListElement\":[{\"@type\":\"ListItem\",\"position\":1,\"name\":\"Startseite\",\"item\":\"https:\\\/\\\/diamat.com\\\/de\\\/\"},{\"@type\":\"ListItem\",\"position\":2,\"name\":\"Impressum\"}]},{\"@type\":\"WebSite\",\"@id\":\"https:\\\/\\\/diamat.com\\\/de\\\/#website\",\"url\":\"https:\\\/\\\/diamat.com\\\/de\\\/\",\"name\":\"Diamat Maschinenbau GmbH\",\"description\":\"Quality made in Germany\",\"publisher\":{\"@id\":\"https:\\\/\\\/diamat.com\\\/de\\\/#organization\"},\"potentialAction\":[{\"@type\":\"SearchAction\",\"target\":{\"@type\":\"EntryPoint\",\"urlTemplate\":\"https:\\\/\\\/diamat.com\\\/de\\\/?s={search_term_string}\"},\"query-input\":{\"@type\":\"PropertyValueSpecification\",\"valueRequired\":true,\"valueName\":\"search_term_string\"}}],\"inLanguage\":\"de\"},{\"@type\":\"Organization\",\"@id\":\"https:\\\/\\\/diamat.com\\\/de\\\/#organization\",\"name\":\"Diamat Maschinenbau GmbH\",\"url\":\"https:\\\/\\\/diamat.com\\\/de\\\/\",\"logo\":{\"@type\":\"ImageObject\",\"inLanguage\":\"de\",\"@id\":\"https:\\\/\\\/diamat.com\\\/de\\\/#\\\/schema\\\/logo\\\/image\\\/\",\"url\":\"https:\\\/\\\/diamat.com\\\/wp-content\\\/uploads\\\/2019\\\/08\\\/cropped-diamat-maschinenbau-logo.png\",\"contentUrl\":\"https:\\\/\\\/diamat.com\\\/wp-content\\\/uploads\\\/2019\\\/08\\\/cropped-diamat-maschinenbau-logo.png\",\"width\":1483,\"height\":438,\"caption\":\"Diamat Maschinenbau GmbH\"},\"image\":{\"@id\":\"https:\\\/\\\/diamat.com\\\/de\\\/#\\\/schema\\\/logo\\\/image\\\/\"},\"sameAs\":[\"https:\\\/\\\/m.facebook.com\\\/profile.php?id=107655822662131\"]}]}<\/script>\n<!-- \/ Yoast SEO plugin. -->","yoast_head_json":{"title":"Impressum | Diamat Maschinenbau GmbH Dinkelsb\u00fchl","description":"Hier finden sie das vollst\u00e4ndige Impressum und alle notwendigen Informationen rund um die Diamat Maschinenbau GmbH in Dinkelsb\u00fchl.","robots":{"index":"index","follow":"follow","max-snippet":"max-snippet:-1","max-image-preview":"max-image-preview:large","max-video-preview":"max-video-preview:-1"},"canonical":"https:\/\/diamat.com\/de\/impressum\/","og_locale":"de_DE","og_type":"article","og_title":"Impressum | Diamat Maschinenbau GmbH Dinkelsb\u00fchl","og_description":"Hier finden sie das vollst\u00e4ndige Impressum und alle notwendigen Informationen rund um die Diamat Maschinenbau GmbH in Dinkelsb\u00fchl.","og_url":"https:\/\/diamat.com\/de\/impressum\/","og_site_name":"Diamat Maschinenbau GmbH","article_publisher":"https:\/\/m.facebook.com\/profile.php?id=107655822662131","article_modified_time":"2022-10-07T08:49:43+00:00","twitter_card":"summary_large_image","schema":{"@context":"https:\/\/schema.org","@graph":[{"@type":"WebPage","@id":"https:\/\/diamat.com\/de\/impressum\/","url":"https:\/\/diamat.com\/de\/impressum\/","name":"Impressum | Diamat Maschinenbau GmbH Dinkelsb\u00fchl","isPartOf":{"@id":"https:\/\/diamat.com\/de\/#website"},"datePublished":"2019-08-28T14:18:05+00:00","dateModified":"2022-10-07T08:49:43+00:00","description":"Hier finden sie das vollst\u00e4ndige Impressum und alle notwendigen Informationen rund um die Diamat Maschinenbau GmbH in Dinkelsb\u00fchl.","breadcrumb":{"@id":"https:\/\/diamat.com\/de\/impressum\/#breadcrumb"},"inLanguage":"de","potentialAction":[{"@type":"ReadAction","target":["https:\/\/diamat.com\/de\/impressum\/"]}]},{"@type":"BreadcrumbList","@id":"https:\/\/diamat.com\/de\/impressum\/#breadcrumb","itemListElement":[{"@type":"ListItem","position":1,"name":"Startseite","item":"https:\/\/diamat.com\/de\/"},{"@type":"ListItem","position":2,"name":"Impressum"}]},{"@type":"WebSite","@id":"https:\/\/diamat.com\/de\/#website","url":"https:\/\/diamat.com\/de\/","name":"Diamat Maschinenbau GmbH","description":"Quality made in Germany","publisher":{"@id":"https:\/\/diamat.com\/de\/#organization"},"potentialAction":[{"@type":"SearchAction","target":{"@type":"EntryPoint","urlTemplate":"https:\/\/diamat.com\/de\/?s={search_term_string}"},"query-input":{"@type":"PropertyValueSpecification","valueRequired":true,"valueName":"search_term_string"}}],"inLanguage":"de"},{"@type":"Organization","@id":"https:\/\/diamat.com\/de\/#organization","name":"Diamat Maschinenbau GmbH","url":"https:\/\/diamat.com\/de\/","logo":{"@type":"ImageObject","inLanguage":"de","@id":"https:\/\/diamat.com\/de\/#\/schema\/logo\/image\/","url":"https:\/\/diamat.com\/wp-content\/uploads\/2019\/08\/cropped-diamat-maschinenbau-logo.png","contentUrl":"https:\/\/diamat.com\/wp-content\/uploads\/2019\/08\/cropped-diamat-maschinenbau-logo.png","width":1483,"height":438,"caption":"Diamat Maschinenbau GmbH"},"image":{"@id":"https:\/\/diamat.com\/de\/#\/schema\/logo\/image\/"},"sameAs":["https:\/\/m.facebook.com\/profile.php?id=107655822662131"]}]}},"_links":{"self":[{"href":"https:\/\/diamat.com\/de\/wp-json\/wp\/v2\/pages\/157","targetHints":{"allow":["GET"]}}],"collection":[{"href":"https:\/\/diamat.com\/de\/wp-json\/wp\/v2\/pages"}],"about":[{"href":"https:\/\/diamat.com\/de\/wp-json\/wp\/v2\/types\/page"}],"author":[{"embeddable":true,"href":"https:\/\/diamat.com\/de\/wp-json\/wp\/v2\/users\/1"}],"replies":[{"embeddable":true,"href":"https:\/\/diamat.com\/de\/wp-json\/wp\/v2\/comments?post=157"}],"version-history":[{"count":7,"href":"https:\/\/diamat.com\/de\/wp-json\/wp\/v2\/pages\/157\/revisions"}],"predecessor-version":[{"id":1187,"href":"https:\/\/diamat.com\/de\/wp-json\/wp\/v2\/pages\/157\/revisions\/1187"}],"wp:attachment":[{"href":"https:\/\/diamat.com\/de\/wp-json\/wp\/v2\/media?parent=157"}],"curies":[{"name":"wp","href":"https:\/\/api.w.org\/{rel}","templated":true}]}}